{"id":3877,"date":"2020-02-17T10:05:07","date_gmt":"2020-02-17T10:05:07","guid":{"rendered":"https:\/\/www.escuelainfantilwinniethepooh.com\/?page_id=3877"},"modified":"2022-01-24T12:09:42","modified_gmt":"2022-01-24T12:09:42","slug":"menu-semanal","status":"publish","type":"page","link":"https:\/\/escuelainfantilwinniethepooh.com\/index.php\/menu-semanal\/","title":{"rendered":"Men\u00fa semanal"},"content":{"rendered":"<p>[vc_row][vc_column][vc_tta_accordion style=\u00bbmodern\u00bb spacing=\u00bb20&#8243; gap=\u00bb15&#8243; active_section=\u00bb1&#8243; collapsible_all=\u00bbtrue\u00bb][vc_tta_section i_type=\u00bblinecons\u00bb i_icon_linecons=\u00bbvc_li vc_li-food\u00bb add_icon=\u00bbtrue\u00bb title=\u00bbMEN\u00da SEMANA 1&#8243; tab_id=\u00bb1581933196936-6e92a31d-c4d3&#8243; el_class=\u00bbrojo\u00bb][vc_wp_text]<\/p>\n<div style=\"overflow-x: auto;\">\n<table class=\"table table-bordered\">\n<tbody>\n<tr>\n<th><\/th>\n<th>BEB\u00c9S<\/th>\n<th>ENTERO<\/th>\n<\/tr>\n<tr>\n<td><strong>LUNES<\/strong><\/td>\n<td>Crema de verduras con pollo + Fruta + Pan<\/td>\n<td>Tomate ali\u00f1ado + Alb\u00f3ndigas en salsa con patatas + Fruta + pan<\/td>\n<\/tr>\n<tr>\n<td><strong>MARTES<\/strong><\/td>\n<td>Crema de verduras con ternera + Yogur + Pan<\/td>\n<td>Ensalada de la huerta + Lentejas + Yogur + Pan<\/td>\n<\/tr>\n<tr>\n<td><strong>MI\u00c9RCOLES<\/strong><\/td>\n<td>Crema de verduras con pescado + Fruta + Pan<\/td>\n<td>Arroz a la marinera + mini creoquetas + zumo + pan<\/td>\n<\/tr>\n<tr>\n<td><strong>JUEVES<\/strong><\/td>\n<td>Crema de verduras con pavo + Fruta + Pan<\/td>\n<td>Tomate ali\u00f1ado + garbanzos con calabaza y pavo + Fruta + pan<\/td>\n<\/tr>\n<tr>\n<td><strong>VIERNES<\/strong><\/td>\n<td>Crema de verduras con huevo + Yogur + Pan<\/td>\n<td>Macarrones con tomate, at\u00fan y huevo + postre casero + pan<\/td>\n<\/tr>\n<\/tbody>\n<\/table>\n<\/div>\n<p>[\/vc_wp_text][\/vc_tta_section][vc_tta_section i_type=\u00bblinecons\u00bb i_icon_linecons=\u00bbvc_li vc_li-food\u00bb add_icon=\u00bbtrue\u00bb title=\u00bbMEN\u00da SEMANA 2&#8243; tab_id=\u00bb1581933196953-45d99d42-c2d7&#8243;][vc_column_text]<\/p>\n<table class=\"table table-bordered\">\n<tbody>\n<tr>\n<th><\/th>\n<th>BEB\u00c9S<\/th>\n<th>ENTERO<\/th>\n<\/tr>\n<tr>\n<td><strong>LUNES<\/strong><\/td>\n<td>Crema de verduras con pollo y arroz + fruta + pan<\/td>\n<td>Tomate ali\u00f1ado + patatas guisadas con choco + Fruta + pan<\/td>\n<\/tr>\n<tr>\n<td><strong>MARTES<\/strong><\/td>\n<td>Crema de verduras con ternera + yogur + pan<\/td>\n<td>Chicharos con verduras + Gazpacho + Yogur + pan<\/td>\n<\/tr>\n<tr>\n<td><strong>MI\u00c9RCOLES<\/strong><\/td>\n<td>Crema de patatas y puerros con pescado + fruta + pan<\/td>\n<td>Ensalada de la huerta + puchero con arroz y pavo + zumo + pan<\/td>\n<\/tr>\n<tr>\n<td><strong>JUEVES<\/strong><\/td>\n<td>Crema de verduras con pavo + fruta + pan<\/td>\n<td>Potaje de garbanzos con verduras y pring\u00e1 + Varitas de merluza + fruta + pan<\/td>\n<\/tr>\n<tr>\n<td><strong>VIERNES<\/strong><\/td>\n<td>Crema de verduras con huevo + yogur + pan<\/td>\n<td>Arroz con tomate + Tortilla francesa + postre casero + pan<\/td>\n<\/tr>\n<\/tbody>\n<\/table>\n<p>[\/vc_column_text][\/vc_tta_section][vc_tta_section i_type=\u00bblinecons\u00bb i_icon_linecons=\u00bbvc_li vc_li-food\u00bb add_icon=\u00bbtrue\u00bb title=\u00bbMEN\u00da SEMANA 3&#8243; tab_id=\u00bb1643021011792-e19b3043-35a5&#8243;][vc_column_text]<\/p>\n<table class=\"table table-bordered\">\n<tbody>\n<tr>\n<th><\/th>\n<th>BEB\u00c9S<\/th>\n<th>ENTERO<\/th>\n<\/tr>\n<tr>\n<td><strong>LUNES<\/strong><\/td>\n<td>Crema de verturas con pescado + Fruta + Pan<\/td>\n<td>Chicharos con verduras + San Jacobo + Fruta + pan<\/td>\n<\/tr>\n<tr>\n<td><strong>MARTES<\/strong><\/td>\n<td>Crema de verturas con huevo + Yogur + Pan<\/td>\n<td>Arroz caldoso con zanahoria y pescado + Tomate ali\u00f1ado + yogur + pan<\/td>\n<\/tr>\n<tr>\n<td><strong>MI\u00c9RCOLES<\/strong><\/td>\n<td>Crema de verturas con pollo + Fruta + Pan<\/td>\n<td>Lentejas + Tortilla de patatas + Zumo + Pan<\/td>\n<\/tr>\n<tr>\n<td><strong>JUEVES<\/strong><\/td>\n<td>Crema de verturas con pavo + Fruta + Pan<\/td>\n<td>Pescado a la rote\u00f1a con patatas panaderas + ensalada de la huerta + fruta + pan<\/td>\n<\/tr>\n<tr>\n<td><strong>VIERNES<\/strong><\/td>\n<td>Crema de verturas con ternera + Yogur + Pan<\/td>\n<td>Puchero con fideos y pring\u00e1 de la abuela + Salmorejo + Postre casero + pan<\/td>\n<\/tr>\n<\/tbody>\n<\/table>\n<p>[\/vc_column_text][\/vc_tta_section][vc_tta_section i_type=\u00bblinecons\u00bb i_icon_linecons=\u00bbvc_li vc_li-food\u00bb add_icon=\u00bbtrue\u00bb title=\u00bbMEN\u00da SEMANA 4&#8243; tab_id=\u00bb1643021192326-e6a9466e-0f37&#8243;][vc_column_text]<\/p>\n<table class=\"table table-bordered\">\n<tbody>\n<tr>\n<th><\/th>\n<th>BEB\u00c9S<\/th>\n<th>ENTERO<\/th>\n<\/tr>\n<tr>\n<td><strong>LUNES<\/strong><\/td>\n<td>Crema de calabaza + Fruta + Pan<\/td>\n<td>Arroz a la marinera + gazpacho + fruta + pan<\/td>\n<\/tr>\n<tr>\n<td><strong>MARTES<\/strong><\/td>\n<td>Crema de verturas con pollo + yogur + Pan<\/td>\n<td>Tomate ali\u00f1ado + cocido de garbanzos + yogur + pan<\/td>\n<\/tr>\n<tr>\n<td><strong>MI\u00c9RCOLES<\/strong><\/td>\n<td>Crema de zanahoria con ternera + Fruta + Pan<\/td>\n<td>Patatas guisadas con pavo + anillas de calamar + zumo + pan<\/td>\n<\/tr>\n<tr>\n<td><strong>JUEVES<\/strong><\/td>\n<td>Crema de verturas con pavo + Fruta + Pan<\/td>\n<td>Ensalada de la huerta + chicharos con arroz + fruta + pan<\/td>\n<\/tr>\n<tr>\n<td><strong>VIERNES<\/strong><\/td>\n<td>Crema de verturas con huevo + Yogur + Pan<\/td>\n<td><\/td>\n<\/tr>\n<\/tbody>\n<\/table>\n<p>[\/vc_column_text][\/vc_tta_section][vc_tta_section i_type=\u00bblinecons\u00bb i_icon_linecons=\u00bbvc_li vc_li-food\u00bb add_icon=\u00bbtrue\u00bb title=\u00bbMEN\u00da SEMANA 5&#8243; tab_id=\u00bb1643021348709-1620d72e-d77f\u00bb][vc_column_text]<\/p>\n<table class=\"table table-bordered\">\n<tbody>\n<tr>\n<th><\/th>\n<th>BEB\u00c9S<\/th>\n<th>ENTERO<\/th>\n<\/tr>\n<tr>\n<td><strong>LUNES<\/strong><\/td>\n<td>Crema de verturas con pescado + Fruta + Pan<\/td>\n<td>Lentejas + Nuggets de pollo + fruta + Pan<\/td>\n<\/tr>\n<tr>\n<td><strong>MARTES<\/strong><\/td>\n<td>Crema de verturas con huevo + Yogur + Pan<\/td>\n<td>Patatas guisadas con chocos + salmorejo con huevo + yogur + pan<\/td>\n<\/tr>\n<tr>\n<td><strong>MI\u00c9RCOLES<\/strong><\/td>\n<td>Crema de verturas con pavo + fruta + Pan<\/td>\n<td>Ensalada mediterr\u00e1nea + macarrones bolo\u00f1esa + zumo + pan<\/td>\n<\/tr>\n<tr>\n<td><strong>JUEVES<\/strong><\/td>\n<td>Crema de verturas con ternera + fruta + Pan<\/td>\n<td>Fideu\u00e1 + tomate ali\u00f1ado + fruta + pan<\/td>\n<\/tr>\n<tr>\n<td><strong>VIERNES<\/strong><\/td>\n<td>Crema de calabac\u00edn con pollo + Yogur + Pan<\/td>\n<td>Pur\u00e9 de calabac\u00edn con queso + filetes rusos en salsa + postre casero + pan<\/td>\n<\/tr>\n<\/tbody>\n<\/table>\n<p>[\/vc_column_text][\/vc_tta_section][\/vc_tta_accordion][\/vc_column][\/vc_row]<\/p>\n","protected":false},"excerpt":{"rendered":"<p>[vc_row][vc_column][vc_tta_accordion style=\u00bbmodern\u00bb spacing=\u00bb20&#8243; gap=\u00bb15&#8243; active_section=\u00bb1&#8243; collapsible_all=\u00bbtrue\u00bb][vc_tta_section i_type=\u00bblinecons\u00bb i_icon_linecons=\u00bbvc_li vc_li-food\u00bb add_icon=\u00bbtrue\u00bb title=\u00bbMEN\u00da SEMANA 1&#8243; tab_id=\u00bb1581933196936-6e92a31d-c4d3&#8243; el_class=\u00bbrojo\u00bb][vc_wp_text] BEB\u00c9S ENTERO LUNES Crema de verduras con pollo + Fruta + Pan Tomate ali\u00f1ado + Alb\u00f3ndigas en salsa con patatas + Fruta + pan MARTES Crema de verduras con ternera + Yogur + Pan Ensalada de la huerta + Lentejas [&hellip;]<\/p>\n","protected":false},"author":1,"featured_media":0,"parent":0,"menu_order":0,"comment_status":"closed","ping_status":"closed","template":"","meta":{"footnotes":""},"class_list":["post-3877","page","type-page","status-publish","hentry"],"_links":{"self":[{"href":"https:\/\/escuelainfantilwinniethepooh.com\/index.php\/wp-json\/wp\/v2\/pages\/3877","targetHints":{"allow":["GET"]}}],"collection":[{"href":"https:\/\/escuelainfantilwinniethepooh.com\/index.php\/wp-json\/wp\/v2\/pages"}],"about":[{"href":"https:\/\/escuelainfantilwinniethepooh.com\/index.php\/wp-json\/wp\/v2\/types\/page"}],"author":[{"embeddable":true,"href":"https:\/\/escuelainfantilwinniethepooh.com\/index.php\/wp-json\/wp\/v2\/users\/1"}],"replies":[{"embeddable":true,"href":"https:\/\/escuelainfantilwinniethepooh.com\/index.php\/wp-json\/wp\/v2\/comments?post=3877"}],"version-history":[{"count":22,"href":"https:\/\/escuelainfantilwinniethepooh.com\/index.php\/wp-json\/wp\/v2\/pages\/3877\/revisions"}],"predecessor-version":[{"id":4137,"href":"https:\/\/escuelainfantilwinniethepooh.com\/index.php\/wp-json\/wp\/v2\/pages\/3877\/revisions\/4137"}],"wp:attachment":[{"href":"https:\/\/escuelainfantilwinniethepooh.com\/index.php\/wp-json\/wp\/v2\/media?parent=3877"}],"curies":[{"name":"wp","href":"https:\/\/api.w.org\/{rel}","templated":true}]}}